{"id":2386,"date":"2024-12-13T14:06:02","date_gmt":"2024-12-13T14:06:02","guid":{"rendered":"https:\/\/yanglipres.com\/?page_id=2386"},"modified":"2025-05-06T09:26:05","modified_gmt":"2025-05-06T09:26:05","slug":"deniz-makina-hakkinda","status":"publish","type":"page","link":"https:\/\/yanglipres.com\/en\/deniz-makina-hakkinda\/","title":{"rendered":"Deniz Makina Hakk\u0131nda"},"content":{"rendered":"<p>Deniz Grup Makina, Yangli preslerinin T\u00fcrkiye\u2019deki en b\u00fcy\u00fck da\u011f\u0131t\u0131c\u0131s\u0131 olarak sanayicilerimize g\u00fcvenilir ve kaliteli hizmet sunmaktad\u0131r. Makine se\u00e7iminden sat\u0131\u015f sonras\u0131 destek hizmetlerine kadar t\u00fcm s\u00fcre\u00e7lerde \u00e7\u00f6z\u00fcm odakl\u0131 yakla\u015f\u0131m\u0131yla yan\u0131n\u0131zday\u0131z. \u00dcr\u00fcn portf\u00f6y\u00fcm\u00fczde yer alan Yangli presleri, y\u00fcksek performans ve dayan\u0131kl\u0131l\u0131k sunarak \u00fcretim s\u00fcre\u00e7lerinizi optimize eder.\u00a0<strong>End\u00fcstriyel otomasyon \u00e7\u00f6z\u00fcmlerinde\u00a0<a href=\"https:\/\/platiotomasyon.com.tr\/\" target=\"_blank\" rel=\"noreferrer noopener\">Platio Tomasyon<\/a>\u00a0ile i\u015f birli\u011fi yaparak, \u00fcretim hatlar\u0131n\u0131z\u0131n verimlili\u011fini en \u00fcst seviyeye ta\u015f\u0131yoruz.<\/strong>\u00a0Yangli merkez ile uyum i\u00e7inde \u00e7al\u0131\u015farak en son teknolojik yenilikleri ve \u00fcst\u00fcn kaliteyi sizlere ula\u015ft\u0131r\u0131yoruz. Deniz Grup Makina, sekt\u00f6rdeki deneyimi ve m\u00fc\u015fteri memnuniyetine verdi\u011fi \u00f6nemle her zaman yan\u0131n\u0131zda!<\/p>\n\n\n\n<div class=\"wp-block-uagb-container uagb-block-re2fswkg alignfull uagb-is-root-container\"><div class=\"uagb-container-inner-blocks-wrap\">\n<div class=\"wp-block-uagb-info-box uagb-block-ep2rjohw uagb-infobox__content-wrap  uagb-infobox-icon-above-title uagb-infobox-image-valign-top\"><div class=\"uagb-ifb-content\"><div class=\"uagb-ifb-title-wrap\"><h2 class=\"uagb-ifb-title\">Bizim  Ekibimiz<\/h2><\/div><\/div><\/div>\n\n\n\n<div class=\"wp-block-uagb-container uagb-block-poqgs51r\">\n<div class=\"wp-block-uagb-container uagb-block-ybwfy31b\">\n<figure class=\"wp-block-image size-large is-resized aligncenter\"><img loading=\"lazy\" decoding=\"async\" width=\"768\" height=\"1024\" src=\"https:\/\/yanglipres.com\/wp-content\/uploads\/2024\/12\/Ihan-Bey-768x1024.jpg\" alt=\"\" class=\"wp-image-2398\" style=\"width:293px;height:auto\" srcset=\"https:\/\/yanglipres.com\/wp-content\/uploads\/2024\/12\/Ihan-Bey-768x1024.jpg 768w, https:\/\/yanglipres.com\/wp-content\/uploads\/2024\/12\/Ihan-Bey-225x300.jpg 225w, https:\/\/yanglipres.com\/wp-content\/uploads\/2024\/12\/Ihan-Bey-1152x1536.jpg 1152w, https:\/\/yanglipres.com\/wp-content\/uploads\/2024\/12\/Ihan-Bey-1536x2048.jpg 1536w, https:\/\/yanglipres.com\/wp-content\/uploads\/2024\/12\/Ihan-Bey-9x12.jpg 9w, https:\/\/yanglipres.com\/wp-content\/uploads\/2024\/12\/Ihan-Bey-scaled.jpg 1920w\" sizes=\"auto, (max-width: 768px) 100vw, 768px\" \/><\/figure>\n\n\n\n<div class=\"wp-block-uagb-info-box uagb-block-pjjix8bv uagb-infobox__content-wrap  uagb-infobox-icon-above-title uagb-infobox-image-valign-top wp-block-uagb-info-box--has-margin\"><div class=\"uagb-infobox-margin-wrapper\"><div class=\"uagb-ifb-content\"><div class=\"uagb-ifb-title-wrap\"><p class=\"uagb-ifb-title\">\u0130lhan Atko\u015fan<\/p><\/div><p class=\"uagb-ifb-desc\">CEO<br>+90 532 053 38 43<br><\/p><\/div><\/div><\/div>\n<\/div>\n\n\n\n<div class=\"wp-block-uagb-container uagb-block-ugmuvibp\">\n<figure class=\"wp-block-image size-large is-resized aligncenter\"><img loading=\"lazy\" decoding=\"async\" width=\"768\" height=\"1024\" src=\"https:\/\/yanglipres.com\/wp-content\/uploads\/2024\/12\/IMG_3716-768x1024.jpg\" alt=\"\" class=\"wp-image-2400\" style=\"width:293px;height:auto\" srcset=\"https:\/\/yanglipres.com\/wp-content\/uploads\/2024\/12\/IMG_3716-768x1024.jpg 768w, https:\/\/yanglipres.com\/wp-content\/uploads\/2024\/12\/IMG_3716-225x300.jpg 225w, https:\/\/yanglipres.com\/wp-content\/uploads\/2024\/12\/IMG_3716-1152x1536.jpg 1152w, https:\/\/yanglipres.com\/wp-content\/uploads\/2024\/12\/IMG_3716-1536x2048.jpg 1536w, https:\/\/yanglipres.com\/wp-content\/uploads\/2024\/12\/IMG_3716-9x12.jpg 9w, https:\/\/yanglipres.com\/wp-content\/uploads\/2024\/12\/IMG_3716-scaled.jpg 1920w\" sizes=\"auto, (max-width: 768px) 100vw, 768px\" \/><\/figure>\n\n\n\n<div class=\"wp-block-uagb-info-box uagb-block-c3u21ejo uagb-infobox__content-wrap  uagb-infobox-icon-above-title uagb-infobox-image-valign-top wp-block-uagb-info-box--has-margin\"><div class=\"uagb-infobox-margin-wrapper\"><div class=\"uagb-ifb-content\"><div class=\"uagb-ifb-title-wrap\"><p class=\"uagb-ifb-title\">Cem Akman<\/p><\/div><p class=\"uagb-ifb-desc\">General Manager<br>+90 533 470 87 20<\/p><\/div><\/div><\/div>\n<\/div>\n\n\n\n<div class=\"wp-block-uagb-container uagb-block-4cbudoru\">\n<figure class=\"wp-block-image size-large is-resized aligncenter\"><img loading=\"lazy\" decoding=\"async\" width=\"768\" height=\"1024\" src=\"https:\/\/yanglipres.com\/wp-content\/uploads\/2024\/12\/WhatsApp-Image-2024-12-13-at-13.10.33_42851afe-768x1024.jpg\" alt=\"\" class=\"wp-image-2404\" style=\"width:294px;height:auto\" srcset=\"https:\/\/yanglipres.com\/wp-content\/uploads\/2024\/12\/WhatsApp-Image-2024-12-13-at-13.10.33_42851afe-768x1024.jpg 768w, https:\/\/yanglipres.com\/wp-content\/uploads\/2024\/12\/WhatsApp-Image-2024-12-13-at-13.10.33_42851afe-225x300.jpg 225w, https:\/\/yanglipres.com\/wp-content\/uploads\/2024\/12\/WhatsApp-Image-2024-12-13-at-13.10.33_42851afe-1152x1536.jpg 1152w, https:\/\/yanglipres.com\/wp-content\/uploads\/2024\/12\/WhatsApp-Image-2024-12-13-at-13.10.33_42851afe-1536x2048.jpg 1536w, https:\/\/yanglipres.com\/wp-content\/uploads\/2024\/12\/WhatsApp-Image-2024-12-13-at-13.10.33_42851afe-9x12.jpg 9w, https:\/\/yanglipres.com\/wp-content\/uploads\/2024\/12\/WhatsApp-Image-2024-12-13-at-13.10.33_42851afe-scaled.jpg 1920w\" sizes=\"auto, (max-width: 768px) 100vw, 768px\" \/><\/figure>\n\n\n\n<div class=\"wp-block-uagb-info-box uagb-block-7ba8aiew uagb-infobox__content-wrap  uagb-infobox-icon-above-title uagb-infobox-image-valign-top wp-block-uagb-info-box--has-margin\"><div class=\"uagb-infobox-margin-wrapper\"><div class=\"uagb-ifb-content\"><div class=\"uagb-ifb-title-wrap\"><p class=\"uagb-ifb-title\">Kerem Akman<\/p><\/div><p class=\"uagb-ifb-desc\">E-Marketing Manager &amp; Logistics<br>+90 532 615 84 61<\/p><\/div><\/div><\/div>\n<\/div>\n<\/div>\n\n\n\n<div class=\"wp-block-uagb-container uagb-block-a78021fe\">\n<div class=\"wp-block-uagb-container uagb-block-88bd8481\">\n<figure class=\"wp-block-image size-full is-resized aligncenter\"><img loading=\"lazy\" decoding=\"async\" width=\"294\" height=\"397\" src=\"https:\/\/yanglipres.com\/wp-content\/uploads\/2024\/12\/WhatsApp-Image-2024-12-13-at-13.09.01_bc4bc177.jpg\" alt=\"\" class=\"wp-image-2403\" style=\"width:290px;height:auto\" srcset=\"https:\/\/yanglipres.com\/wp-content\/uploads\/2024\/12\/WhatsApp-Image-2024-12-13-at-13.09.01_bc4bc177.jpg 294w, https:\/\/yanglipres.com\/wp-content\/uploads\/2024\/12\/WhatsApp-Image-2024-12-13-at-13.09.01_bc4bc177-222x300.jpg 222w, https:\/\/yanglipres.com\/wp-content\/uploads\/2024\/12\/WhatsApp-Image-2024-12-13-at-13.09.01_bc4bc177-9x12.jpg 9w\" sizes=\"auto, (max-width: 294px) 100vw, 294px\" \/><\/figure>\n\n\n\n<div class=\"wp-block-uagb-info-box uagb-block-e56c0b13 uagb-infobox__content-wrap  uagb-infobox-icon-above-title uagb-infobox-image-valign-top wp-block-uagb-info-box--has-margin\"><div class=\"uagb-infobox-margin-wrapper\"><div class=\"uagb-ifb-content\"><div class=\"uagb-ifb-title-wrap\"><p class=\"uagb-ifb-title\">Zhou Meng<\/p><\/div><p class=\"uagb-ifb-desc\">International Sales Supervisor<br>+86 1865 279 6644<\/p><\/div><\/div><\/div>\n<\/div>\n\n\n\n<div class=\"wp-block-uagb-container uagb-block-75abbed5\">\n<figure class=\"wp-block-image size-large is-resized aligncenter\"><img loading=\"lazy\" decoding=\"async\" width=\"768\" height=\"1024\" src=\"https:\/\/yanglipres.com\/wp-content\/uploads\/2024\/12\/WhatsApp-Image-2024-12-13-at-14.27.11_381a05fe-768x1024.jpg\" alt=\"\" class=\"wp-image-2406\" style=\"width:293px;height:auto\" srcset=\"https:\/\/yanglipres.com\/wp-content\/uploads\/2024\/12\/WhatsApp-Image-2024-12-13-at-14.27.11_381a05fe-768x1024.jpg 768w, https:\/\/yanglipres.com\/wp-content\/uploads\/2024\/12\/WhatsApp-Image-2024-12-13-at-14.27.11_381a05fe-225x300.jpg 225w, https:\/\/yanglipres.com\/wp-content\/uploads\/2024\/12\/WhatsApp-Image-2024-12-13-at-14.27.11_381a05fe-1152x1536.jpg 1152w, https:\/\/yanglipres.com\/wp-content\/uploads\/2024\/12\/WhatsApp-Image-2024-12-13-at-14.27.11_381a05fe-1536x2048.jpg 1536w, https:\/\/yanglipres.com\/wp-content\/uploads\/2024\/12\/WhatsApp-Image-2024-12-13-at-14.27.11_381a05fe-9x12.jpg 9w, https:\/\/yanglipres.com\/wp-content\/uploads\/2024\/12\/WhatsApp-Image-2024-12-13-at-14.27.11_381a05fe-scaled.jpg 1920w\" sizes=\"auto, (max-width: 768px) 100vw, 768px\" \/><\/figure>\n\n\n\n<div class=\"wp-block-uagb-info-box uagb-block-cd64a661 uagb-infobox__content-wrap  uagb-infobox-icon-above-title uagb-infobox-image-valign-top wp-block-uagb-info-box--has-margin\"><div class=\"uagb-infobox-margin-wrapper\"><div class=\"uagb-ifb-content\"><div class=\"uagb-ifb-title-wrap\"><p class=\"uagb-ifb-title\">\u0130smail Efe<\/p><\/div><p class=\"uagb-ifb-desc\">Account Manager<br>+90 532 300 43 08<\/p><\/div><\/div><\/div>\n<\/div>\n\n\n\n<div class=\"wp-block-uagb-container uagb-block-55ccae46\">\n<figure class=\"wp-block-image size-full is-resized aligncenter\"><img loading=\"lazy\" decoding=\"async\" width=\"379\" height=\"373\" src=\"https:\/\/yanglipres.com\/wp-content\/uploads\/2024\/12\/WhatsApp-Image-2024-12-13-at-15.37.22_61b9ae86.jpg\" alt=\"\" class=\"wp-image-2415\" style=\"width:302px;height:auto\" srcset=\"https:\/\/yanglipres.com\/wp-content\/uploads\/2024\/12\/WhatsApp-Image-2024-12-13-at-15.37.22_61b9ae86.jpg 379w, https:\/\/yanglipres.com\/wp-content\/uploads\/2024\/12\/WhatsApp-Image-2024-12-13-at-15.37.22_61b9ae86-300x295.jpg 300w, https:\/\/yanglipres.com\/wp-content\/uploads\/2024\/12\/WhatsApp-Image-2024-12-13-at-15.37.22_61b9ae86-12x12.jpg 12w\" sizes=\"auto, (max-width: 379px) 100vw, 379px\" \/><\/figure>\n\n\n\n<div class=\"wp-block-uagb-info-box uagb-block-de7fce9a uagb-infobox__content-wrap  uagb-infobox-icon-above-title uagb-infobox-image-valign-top wp-block-uagb-info-box--has-margin\"><div class=\"uagb-infobox-margin-wrapper\"><div class=\"uagb-ifb-content\"><div class=\"uagb-ifb-title-wrap\"><p class=\"uagb-ifb-title\">Ersin Zekeriyao\u011flu<\/p><\/div><p class=\"uagb-ifb-desc\">Salesman<br>+90 546 403 73 90<\/p><\/div><\/div><\/div>\n<\/div>\n<\/div>\n\n\n\n<div class=\"wp-block-uagb-container uagb-block-7cdafebf\">\n<div class=\"wp-block-uagb-container uagb-block-1c0fda63\">\n<figure class=\"wp-block-image size-full is-resized aligncenter\"><img loading=\"lazy\" decoding=\"async\" width=\"484\" height=\"677\" src=\"https:\/\/yanglipres.com\/wp-content\/uploads\/2024\/12\/WhatsApp-Image-2024-12-13-at-16.29.41_2a583d38.jpg\" alt=\"\" class=\"wp-image-2416\" style=\"width:280px;height:auto\" srcset=\"https:\/\/yanglipres.com\/wp-content\/uploads\/2024\/12\/WhatsApp-Image-2024-12-13-at-16.29.41_2a583d38.jpg 484w, https:\/\/yanglipres.com\/wp-content\/uploads\/2024\/12\/WhatsApp-Image-2024-12-13-at-16.29.41_2a583d38-214x300.jpg 214w, https:\/\/yanglipres.com\/wp-content\/uploads\/2024\/12\/WhatsApp-Image-2024-12-13-at-16.29.41_2a583d38-9x12.jpg 9w\" sizes=\"auto, (max-width: 484px) 100vw, 484px\" \/><\/figure>\n\n\n\n<div class=\"wp-block-uagb-info-box uagb-block-a72391e7 uagb-infobox__content-wrap  uagb-infobox-icon-above-title uagb-infobox-image-valign-top wp-block-uagb-info-box--has-margin\"><div class=\"uagb-infobox-margin-wrapper\"><div class=\"uagb-ifb-content\"><div class=\"uagb-ifb-title-wrap\"><p class=\"uagb-ifb-title\">F\u0131rat Atsak<\/p><\/div><p class=\"uagb-ifb-desc\">Salesman<br>+90 507 397 06 14<\/p><\/div><\/div><\/div>\n<\/div>\n<\/div>\n<\/div><\/div>\n\n\n\n<p><\/p>","protected":false},"excerpt":{"rendered":"<p>Deniz Grup Makina, Yangli preslerinin T\u00fcrkiye\u2019deki en b\u00fcy\u00fck da\u011f\u0131t\u0131c\u0131s\u0131 olarak sanayicilerimize g\u00fcvenilir ve kaliteli hizmet sunmaktad\u0131r. Makine se\u00e7iminden sat\u0131\u015f sonras\u0131 destek hizmetlerine kadar t\u00fcm s\u00fcre\u00e7lerde \u00e7\u00f6z\u00fcm odakl\u0131 yakla\u015f\u0131m\u0131yla yan\u0131n\u0131zday\u0131z. \u00dcr\u00fcn portf\u00f6y\u00fcm\u00fczde yer alan Yangli presleri, y\u00fcksek performans ve dayan\u0131kl\u0131l\u0131k sunarak \u00fcretim s\u00fcre\u00e7lerinizi optimize eder.\u00a0End\u00fcstriyel otomasyon \u00e7\u00f6z\u00fcmlerinde\u00a0Platio Tomasyon\u00a0ile i\u015f birli\u011fi yaparak, \u00fcretim hatlar\u0131n\u0131z\u0131n verimlili\u011fini en \u00fcst [&hellip;]<\/p>","protected":false},"author":2,"featured_media":0,"parent":0,"menu_order":0,"comment_status":"closed","ping_status":"closed","template":"","meta":{"om_disable_all_campaigns":false,"_uag_custom_page_level_css":"","site-sidebar-layout":"default","site-content-layout":"","ast-site-content-layout":"default","site-content-style":"default","site-sidebar-style":"default","ast-global-header-display":"","ast-banner-title-visibility":"","ast-main-header-display":"","ast-hfb-above-header-display":"","ast-hfb-below-header-display":"","ast-hfb-mobile-header-display":"","site-post-title":"","ast-breadcrumbs-content":"","ast-featured-img":"","footer-sml-layout":"","ast-disable-related-posts":"","theme-transparent-header-meta":"","adv-header-id-meta":"","stick-header-meta":"","header-above-stick-meta":"","header-main-stick-meta":"","header-below-stick-meta":"","astra-migrate-meta-layouts":"set","ast-page-background-enabled":"default","ast-page-background-meta":{"desktop":{"background-color":"","background-image":"","background-repeat":"repeat","background-position":"center center","background-size":"auto","background-attachment":"scroll","background-type":"","background-media":"","overlay-type":"","overlay-color":"","overlay-opacity":"","overlay-gradient":""},"tablet":{"background-color":"","background-image":"","background-repeat":"repeat","background-position":"center center","background-size":"auto","background-attachment":"scroll","background-type":"","background-media":"","overlay-type":"","overlay-color":"","overlay-opacity":"","overlay-gradient":""},"mobile":{"background-color":"","background-image":"","background-repeat":"repeat","background-position":"center center","background-size":"auto","background-attachment":"scroll","background-type":"","background-media":"","overlay-type":"","overlay-color":"","overlay-opacity":"","overlay-gradient":""}},"ast-content-background-meta":{"desktop":{"background-color":"var(--ast-global-color-5)","background-image":"","background-repeat":"repeat","background-position":"center center","background-size":"auto","background-attachment":"scroll","background-type":"","background-media":"","overlay-type":"","overlay-color":"","overlay-opacity":"","overlay-gradient":""},"tablet":{"background-color":"var(--ast-global-color-5)","background-image":"","background-repeat":"repeat","background-position":"center center","background-size":"auto","background-attachment":"scroll","background-type":"","background-media":"","overlay-type":"","overlay-color":"","overlay-opacity":"","overlay-gradient":""},"mobile":{"background-color":"var(--ast-global-color-5)","background-image":"","background-repeat":"repeat","background-position":"center center","background-size":"auto","background-attachment":"scroll","background-type":"","background-media":"","overlay-type":"","overlay-color":"","overlay-opacity":"","overlay-gradient":""}},"_themeisle_gutenberg_block_has_review":false,"_joinchat":[],"footnotes":""},"class_list":["post-2386","page","type-page","status-publish","hentry"],"yoast_head":"<!-- This site is optimized with the Yoast SEO plugin v27.4 - https:\/\/yoast.com\/product\/yoast-seo-wordpress\/ -->\n<title>Deniz Makina Hakk\u0131nda - yanglipres.com<\/title>\n<meta name=\"robots\" content=\"index, follow, max-snippet:-1, max-image-preview:large, max-video-preview:-1\" \/>\n<link rel=\"canonical\" href=\"https:\/\/yanglipres.com\/en\/deniz-makina-hakkinda\/\" \/>\n<meta property=\"og:locale\" content=\"en_US\" \/>\n<meta property=\"og:type\" content=\"article\" \/>\n<meta property=\"og:title\" content=\"Deniz Makina Hakk\u0131nda - yanglipres.com\" \/>\n<meta property=\"og:description\" content=\"Deniz Grup Makina, Yangli preslerinin T\u00fcrkiye\u2019deki en b\u00fcy\u00fck da\u011f\u0131t\u0131c\u0131s\u0131 olarak sanayicilerimize g\u00fcvenilir ve kaliteli hizmet sunmaktad\u0131r. Makine se\u00e7iminden sat\u0131\u015f sonras\u0131 destek hizmetlerine kadar t\u00fcm s\u00fcre\u00e7lerde \u00e7\u00f6z\u00fcm odakl\u0131 yakla\u015f\u0131m\u0131yla yan\u0131n\u0131zday\u0131z. \u00dcr\u00fcn portf\u00f6y\u00fcm\u00fczde yer alan Yangli presleri, y\u00fcksek performans ve dayan\u0131kl\u0131l\u0131k sunarak \u00fcretim s\u00fcre\u00e7lerinizi optimize eder.\u00a0End\u00fcstriyel otomasyon \u00e7\u00f6z\u00fcmlerinde\u00a0Platio Tomasyon\u00a0ile i\u015f birli\u011fi yaparak, \u00fcretim hatlar\u0131n\u0131z\u0131n verimlili\u011fini en \u00fcst [&hellip;]\" \/>\n<meta property=\"og:url\" content=\"https:\/\/yanglipres.com\/en\/deniz-makina-hakkinda\/\" \/>\n<meta property=\"og:site_name\" content=\"yanglipres.com\" \/>\n<meta property=\"article:modified_time\" content=\"2025-05-06T09:26:05+00:00\" \/>\n<meta property=\"og:image\" content=\"https:\/\/yanglipres.com\/wp-content\/uploads\/2024\/12\/Ihan-Bey-scaled.jpg\" \/>\n\t<meta property=\"og:image:width\" content=\"1920\" \/>\n\t<meta property=\"og:image:height\" content=\"2560\" \/>\n\t<meta property=\"og:image:type\" content=\"image\/jpeg\" \/>\n<meta name=\"twitter:card\" content=\"summary_large_image\" \/>\n<meta name=\"twitter:label1\" content=\"Est. reading time\" \/>\n\t<meta name=\"twitter:data1\" content=\"3 minutes\" \/>\n<script type=\"application\/ld+json\" class=\"yoast-schema-graph\">{\"@context\":\"https:\\\/\\\/schema.org\",\"@graph\":[{\"@type\":\"WebPage\",\"@id\":\"https:\\\/\\\/yanglipres.com\\\/en\\\/deniz-makina-hakkinda\\\/\",\"url\":\"https:\\\/\\\/yanglipres.com\\\/en\\\/deniz-makina-hakkinda\\\/\",\"name\":\"Deniz Makina Hakk\u0131nda - yanglipres.com\",\"isPartOf\":{\"@id\":\"https:\\\/\\\/yanglipres.com\\\/en\\\/#website\"},\"primaryImageOfPage\":{\"@id\":\"https:\\\/\\\/yanglipres.com\\\/en\\\/deniz-makina-hakkinda\\\/#primaryimage\"},\"image\":{\"@id\":\"https:\\\/\\\/yanglipres.com\\\/en\\\/deniz-makina-hakkinda\\\/#primaryimage\"},\"thumbnailUrl\":\"https:\\\/\\\/yanglipres.com\\\/wp-content\\\/uploads\\\/2024\\\/12\\\/Ihan-Bey-768x1024.jpg\",\"datePublished\":\"2024-12-13T14:06:02+00:00\",\"dateModified\":\"2025-05-06T09:26:05+00:00\",\"breadcrumb\":{\"@id\":\"https:\\\/\\\/yanglipres.com\\\/en\\\/deniz-makina-hakkinda\\\/#breadcrumb\"},\"inLanguage\":\"en-US\",\"potentialAction\":[{\"@type\":\"ReadAction\",\"target\":[\"https:\\\/\\\/yanglipres.com\\\/en\\\/deniz-makina-hakkinda\\\/\"]}]},{\"@type\":\"ImageObject\",\"inLanguage\":\"en-US\",\"@id\":\"https:\\\/\\\/yanglipres.com\\\/en\\\/deniz-makina-hakkinda\\\/#primaryimage\",\"url\":\"https:\\\/\\\/yanglipres.com\\\/wp-content\\\/uploads\\\/2024\\\/12\\\/Ihan-Bey-768x1024.jpg\",\"contentUrl\":\"https:\\\/\\\/yanglipres.com\\\/wp-content\\\/uploads\\\/2024\\\/12\\\/Ihan-Bey-768x1024.jpg\"},{\"@type\":\"BreadcrumbList\",\"@id\":\"https:\\\/\\\/yanglipres.com\\\/en\\\/deniz-makina-hakkinda\\\/#breadcrumb\",\"itemListElement\":[{\"@type\":\"ListItem\",\"position\":1,\"name\":\"Home\",\"item\":\"https:\\\/\\\/yanglipres.com\\\/\"},{\"@type\":\"ListItem\",\"position\":2,\"name\":\"Deniz Makina Hakk\u0131nda\"}]},{\"@type\":\"WebSite\",\"@id\":\"https:\\\/\\\/yanglipres.com\\\/en\\\/#website\",\"url\":\"https:\\\/\\\/yanglipres.com\\\/en\\\/\",\"name\":\"yanglipres.com\",\"description\":\"\",\"publisher\":{\"@id\":\"https:\\\/\\\/yanglipres.com\\\/en\\\/#organization\"},\"potentialAction\":[{\"@type\":\"SearchAction\",\"target\":{\"@type\":\"EntryPoint\",\"urlTemplate\":\"https:\\\/\\\/yanglipres.com\\\/en\\\/?s={search_term_string}\"},\"query-input\":{\"@type\":\"PropertyValueSpecification\",\"valueRequired\":true,\"valueName\":\"search_term_string\"}}],\"inLanguage\":\"en-US\"},{\"@type\":\"Organization\",\"@id\":\"https:\\\/\\\/yanglipres.com\\\/en\\\/#organization\",\"name\":\"yanglipres.com\",\"url\":\"https:\\\/\\\/yanglipres.com\\\/en\\\/\",\"logo\":{\"@type\":\"ImageObject\",\"inLanguage\":\"en-US\",\"@id\":\"https:\\\/\\\/yanglipres.com\\\/en\\\/#\\\/schema\\\/logo\\\/image\\\/\",\"url\":\"https:\\\/\\\/yanglipres.com\\\/wp-content\\\/uploads\\\/2024\\\/08\\\/logo.png\",\"contentUrl\":\"https:\\\/\\\/yanglipres.com\\\/wp-content\\\/uploads\\\/2024\\\/08\\\/logo.png\",\"width\":1000,\"height\":144,\"caption\":\"yanglipres.com\"},\"image\":{\"@id\":\"https:\\\/\\\/yanglipres.com\\\/en\\\/#\\\/schema\\\/logo\\\/image\\\/\"},\"sameAs\":[\"https:\\\/\\\/www.instagram.com\\\/yangli_denizgrupmakina\\\/\"]}]}<\/script>\n<!-- \/ Yoast SEO plugin. -->","yoast_head_json":{"title":"Deniz Makina Hakk\u0131nda - yanglipres.com","robots":{"index":"index","follow":"follow","max-snippet":"max-snippet:-1","max-image-preview":"max-image-preview:large","max-video-preview":"max-video-preview:-1"},"canonical":"https:\/\/yanglipres.com\/en\/deniz-makina-hakkinda\/","og_locale":"en_US","og_type":"article","og_title":"Deniz Makina Hakk\u0131nda - yanglipres.com","og_description":"Deniz Grup Makina, Yangli preslerinin T\u00fcrkiye\u2019deki en b\u00fcy\u00fck da\u011f\u0131t\u0131c\u0131s\u0131 olarak sanayicilerimize g\u00fcvenilir ve kaliteli hizmet sunmaktad\u0131r. Makine se\u00e7iminden sat\u0131\u015f sonras\u0131 destek hizmetlerine kadar t\u00fcm s\u00fcre\u00e7lerde \u00e7\u00f6z\u00fcm odakl\u0131 yakla\u015f\u0131m\u0131yla yan\u0131n\u0131zday\u0131z. \u00dcr\u00fcn portf\u00f6y\u00fcm\u00fczde yer alan Yangli presleri, y\u00fcksek performans ve dayan\u0131kl\u0131l\u0131k sunarak \u00fcretim s\u00fcre\u00e7lerinizi optimize eder.\u00a0End\u00fcstriyel otomasyon \u00e7\u00f6z\u00fcmlerinde\u00a0Platio Tomasyon\u00a0ile i\u015f birli\u011fi yaparak, \u00fcretim hatlar\u0131n\u0131z\u0131n verimlili\u011fini en \u00fcst [&hellip;]","og_url":"https:\/\/yanglipres.com\/en\/deniz-makina-hakkinda\/","og_site_name":"yanglipres.com","article_modified_time":"2025-05-06T09:26:05+00:00","og_image":[{"width":1920,"height":2560,"url":"https:\/\/yanglipres.com\/wp-content\/uploads\/2024\/12\/Ihan-Bey-scaled.jpg","type":"image\/jpeg"}],"twitter_card":"summary_large_image","twitter_misc":{"Est. reading time":"3 minutes"},"schema":{"@context":"https:\/\/schema.org","@graph":[{"@type":"WebPage","@id":"https:\/\/yanglipres.com\/en\/deniz-makina-hakkinda\/","url":"https:\/\/yanglipres.com\/en\/deniz-makina-hakkinda\/","name":"Deniz Makina Hakk\u0131nda - yanglipres.com","isPartOf":{"@id":"https:\/\/yanglipres.com\/en\/#website"},"primaryImageOfPage":{"@id":"https:\/\/yanglipres.com\/en\/deniz-makina-hakkinda\/#primaryimage"},"image":{"@id":"https:\/\/yanglipres.com\/en\/deniz-makina-hakkinda\/#primaryimage"},"thumbnailUrl":"https:\/\/yanglipres.com\/wp-content\/uploads\/2024\/12\/Ihan-Bey-768x1024.jpg","datePublished":"2024-12-13T14:06:02+00:00","dateModified":"2025-05-06T09:26:05+00:00","breadcrumb":{"@id":"https:\/\/yanglipres.com\/en\/deniz-makina-hakkinda\/#breadcrumb"},"inLanguage":"en-US","potentialAction":[{"@type":"ReadAction","target":["https:\/\/yanglipres.com\/en\/deniz-makina-hakkinda\/"]}]},{"@type":"ImageObject","inLanguage":"en-US","@id":"https:\/\/yanglipres.com\/en\/deniz-makina-hakkinda\/#primaryimage","url":"https:\/\/yanglipres.com\/wp-content\/uploads\/2024\/12\/Ihan-Bey-768x1024.jpg","contentUrl":"https:\/\/yanglipres.com\/wp-content\/uploads\/2024\/12\/Ihan-Bey-768x1024.jpg"},{"@type":"BreadcrumbList","@id":"https:\/\/yanglipres.com\/en\/deniz-makina-hakkinda\/#breadcrumb","itemListElement":[{"@type":"ListItem","position":1,"name":"Home","item":"https:\/\/yanglipres.com\/"},{"@type":"ListItem","position":2,"name":"Deniz Makina Hakk\u0131nda"}]},{"@type":"WebSite","@id":"https:\/\/yanglipres.com\/en\/#website","url":"https:\/\/yanglipres.com\/en\/","name":"yanglipres.com","description":"","publisher":{"@id":"https:\/\/yanglipres.com\/en\/#organization"},"potentialAction":[{"@type":"SearchAction","target":{"@type":"EntryPoint","urlTemplate":"https:\/\/yanglipres.com\/en\/?s={search_term_string}"},"query-input":{"@type":"PropertyValueSpecification","valueRequired":true,"valueName":"search_term_string"}}],"inLanguage":"en-US"},{"@type":"Organization","@id":"https:\/\/yanglipres.com\/en\/#organization","name":"yanglipres.com","url":"https:\/\/yanglipres.com\/en\/","logo":{"@type":"ImageObject","inLanguage":"en-US","@id":"https:\/\/yanglipres.com\/en\/#\/schema\/logo\/image\/","url":"https:\/\/yanglipres.com\/wp-content\/uploads\/2024\/08\/logo.png","contentUrl":"https:\/\/yanglipres.com\/wp-content\/uploads\/2024\/08\/logo.png","width":1000,"height":144,"caption":"yanglipres.com"},"image":{"@id":"https:\/\/yanglipres.com\/en\/#\/schema\/logo\/image\/"},"sameAs":["https:\/\/www.instagram.com\/yangli_denizgrupmakina\/"]}]}},"uagb_featured_image_src":{"full":false,"thumbnail":false,"medium":false,"medium_large":false,"large":false,"1536x1536":false,"2048x2048":false,"trp-custom-language-flag":false},"uagb_author_info":{"display_name":"Yangli","author_link":"https:\/\/yanglipres.com\/en\/author\/yanglipres\/"},"uagb_comment_info":0,"uagb_excerpt":"Deniz Grup Makina, Yangli preslerinin T\u00fcrkiye\u2019deki en b\u00fcy\u00fck da\u011f\u0131t\u0131c\u0131s\u0131 olarak sanayicilerimize g\u00fcvenilir ve kaliteli hizmet sunmaktad\u0131r. Makine se\u00e7iminden sat\u0131\u015f sonras\u0131 destek hizmetlerine kadar t\u00fcm s\u00fcre\u00e7lerde \u00e7\u00f6z\u00fcm odakl\u0131 yakla\u015f\u0131m\u0131yla yan\u0131n\u0131zday\u0131z. \u00dcr\u00fcn portf\u00f6y\u00fcm\u00fczde yer alan Yangli presleri, y\u00fcksek performans ve dayan\u0131kl\u0131l\u0131k sunarak \u00fcretim s\u00fcre\u00e7lerinizi optimize eder.\u00a0End\u00fcstriyel otomasyon \u00e7\u00f6z\u00fcmlerinde\u00a0Platio Tomasyon\u00a0ile i\u015f birli\u011fi yaparak, \u00fcretim hatlar\u0131n\u0131z\u0131n verimlili\u011fini en \u00fcst&hellip;","_links":{"self":[{"href":"https:\/\/yanglipres.com\/en\/wp-json\/wp\/v2\/pages\/2386","targetHints":{"allow":["GET"]}}],"collection":[{"href":"https:\/\/yanglipres.com\/en\/wp-json\/wp\/v2\/pages"}],"about":[{"href":"https:\/\/yanglipres.com\/en\/wp-json\/wp\/v2\/types\/page"}],"author":[{"embeddable":true,"href":"https:\/\/yanglipres.com\/en\/wp-json\/wp\/v2\/users\/2"}],"replies":[{"embeddable":true,"href":"https:\/\/yanglipres.com\/en\/wp-json\/wp\/v2\/comments?post=2386"}],"version-history":[{"count":8,"href":"https:\/\/yanglipres.com\/en\/wp-json\/wp\/v2\/pages\/2386\/revisions"}],"predecessor-version":[{"id":2581,"href":"https:\/\/yanglipres.com\/en\/wp-json\/wp\/v2\/pages\/2386\/revisions\/2581"}],"wp:attachment":[{"href":"https:\/\/yanglipres.com\/en\/wp-json\/wp\/v2\/media?parent=2386"}],"curies":[{"name":"wp","href":"https:\/\/api.w.org\/{rel}","templated":true}]}}