{"id":2436,"date":"2025-01-03T11:23:53","date_gmt":"2025-01-03T11:23:53","guid":{"rendered":"https:\/\/yanglipres.com\/?page_id=2436"},"modified":"2025-02-20T11:25:23","modified_gmt":"2025-02-20T11:25:23","slug":"ygm34k","status":"publish","type":"page","link":"https:\/\/yanglipres.com\/en\/ygm34k\/","title":{"rendered":"YGM34K"},"content":{"rendered":"<div class=\"wp-block-uagb-container uagb-layout-grid uagb-block-f1af1c8d alignfull uagb-is-root-container\">\n<div class=\"wp-block-uagb-advanced-heading uagb-block-13729cea\"><h3 class=\"uagb-heading-text\"><br><br><br><a href=\"https:\/\/yanglipres.com\/en\/hidrolikpresler\/\">Presses<\/a> -> YGM34K Serisi<\/h3><\/div>\n<\/div>\n\n\n\n<div class=\"wp-block-uagb-container uagb-block-58c5a047 alignfull uagb-is-root-container\">\n<div class=\"wp-block-columns has-ast-global-color-5-background-color has-background is-layout-flex wp-container-core-columns-is-layout-28f84493 wp-block-columns-is-layout-flex\">\n<div class=\"wp-block-column is-vertically-aligned-top is-layout-flow wp-block-column-is-layout-flow\" style=\"padding-bottom:2rem\">\n<figure class=\"wp-block-image\"><img decoding=\"async\" src=\"https:\/\/yanglipres.com\/wp-content\/uploads\/2025\/01\/YGM34K-1.png\" alt=\"\"\/><\/figure>\n<\/div>\n\n\n\n<div class=\"wp-block-column is-layout-flow wp-block-column-is-layout-flow\">\n<div class=\"wp-block-uagb-advanced-heading uagb-block-aef26299\"><h4 class=\"uagb-heading-text\">YGM34K Serisi Hidrolik Pres<\/h4><\/div>\n\n\n\n<div class=\"wp-block-uagb-icon-list uagb-block-0cbbe030\"><div class=\"uagb-icon-list__wrap\">\n<div class=\"wp-block-uagb-icon-list-child uagb-block-34936920\"><span class=\"uagb-icon-list__source-wrap\"><svg xmlns=\"https:\/\/www.w3.org\/2000\/svg\" viewbox=\"0 0 256 512\"><path d=\"M64 448c-8.188 0-16.38-3.125-22.62-9.375c-12.5-12.5-12.5-32.75 0-45.25L178.8 256L41.38 118.6c-12.5-12.5-12.5-32.75 0-45.25s32.75-12.5 45.25 0l160 160c12.5 12.5 12.5 32.75 0 45.25l-160 160C80.38 444.9 72.19 448 64 448z\"><\/path><\/svg><\/span><span class=\"uagb-icon-list__label\">Servo Kontrol.<\/span><\/div>\n\n\n\n<div class=\"wp-block-uagb-icon-list-child uagb-block-18f0510f\"><span class=\"uagb-icon-list__source-wrap\"><svg xmlns=\"https:\/\/www.w3.org\/2000\/svg\" viewbox=\"0 0 256 512\"><path d=\"M64 448c-8.188 0-16.38-3.125-22.62-9.375c-12.5-12.5-12.5-32.75 0-45.25L178.8 256L41.38 118.6c-12.5-12.5-12.5-32.75 0-45.25s32.75-12.5 45.25 0l160 160c12.5 12.5 12.5 32.75 0 45.25l-160 160C80.38 444.9 72.19 448 64 448z\"><\/path><\/svg><\/span><span class=\"uagb-icon-list__label\">Derin S\u0131vama Pres<\/span><\/div>\n\n\n\n<div class=\"wp-block-uagb-icon-list-child uagb-block-de2366f9\"><span class=\"uagb-icon-list__source-wrap\"><svg xmlns=\"https:\/\/www.w3.org\/2000\/svg\" viewbox=\"0 0 256 512\"><path d=\"M64 448c-8.188 0-16.38-3.125-22.62-9.375c-12.5-12.5-12.5-32.75 0-45.25L178.8 256L41.38 118.6c-12.5-12.5-12.5-32.75 0-45.25s32.75-12.5 45.25 0l160 160c12.5 12.5 12.5 32.75 0 45.25l-160 160C80.38 444.9 72.19 448 64 448z\"><\/path><\/svg><\/span><span class=\"uagb-icon-list__label\">%50&#8217;ye kadar enerji tasarrufu<\/span><\/div>\n\n\n\n<div class=\"wp-block-uagb-icon-list-child uagb-block-34e7fe8c\"><span class=\"uagb-icon-list__source-wrap\"><svg xmlns=\"https:\/\/www.w3.org\/2000\/svg\" viewbox=\"0 0 256 512\"><path d=\"M64 448c-8.188 0-16.38-3.125-22.62-9.375c-12.5-12.5-12.5-32.75 0-45.25L178.8 256L41.38 118.6c-12.5-12.5-12.5-32.75 0-45.25s32.75-12.5 45.25 0l160 160c12.5 12.5 12.5 32.75 0 45.25l-160 160C80.38 444.9 72.19 448 64 448z\"><\/path><\/svg><\/span><span class=\"uagb-icon-list__label\">Sessiz<\/span><\/div>\n\n\n\n<div class=\"wp-block-uagb-icon-list-child uagb-block-66fbfb1b\"><span class=\"uagb-icon-list__source-wrap\"><svg xmlns=\"https:\/\/www.w3.org\/2000\/svg\" viewbox=\"0 0 256 512\"><path d=\"M64 448c-8.188 0-16.38-3.125-22.62-9.375c-12.5-12.5-12.5-32.75 0-45.25L178.8 256L41.38 118.6c-12.5-12.5-12.5-32.75 0-45.25s32.75-12.5 45.25 0l160 160c12.5 12.5 12.5 32.75 0 45.25l-160 160C80.38 444.9 72.19 448 64 448z\"><\/path><\/svg><\/span><span class=\"uagb-icon-list__label\">Optimum d\u00fczeyde her i\u015f i\u00e7in uygun <\/span><\/div>\n\n\n\n<div class=\"wp-block-uagb-icon-list-child uagb-block-2f737802\"><span class=\"uagb-icon-list__source-wrap\"><svg xmlns=\"https:\/\/www.w3.org\/2000\/svg\" viewbox=\"0 0 256 512\"><path d=\"M64 448c-8.188 0-16.38-3.125-22.62-9.375c-12.5-12.5-12.5-32.75 0-45.25L178.8 256L41.38 118.6c-12.5-12.5-12.5-32.75 0-45.25s32.75-12.5 45.25 0l160 160c12.5 12.5 12.5 32.75 0 45.25l-160 160C80.38 444.9 72.19 448 64 448z\"><\/path><\/svg><\/span><span class=\"uagb-icon-list__label\">200 tondan 630 tona kadar <\/span><\/div>\n<\/div><\/div>\n<\/div>\n<\/div>\n<\/div>\n\n\n\n<div class=\"wp-block-uagb-container uagb-block-e879a6c2 alignfull uagb-is-root-container\">\n<div class=\"wp-block-uagb-container uagb-block-ac9804a9\"><\/div>\n<\/div>","protected":false},"excerpt":{"rendered":"<p>Presler -> YGM34K Serisi YGM34K Serisi Hidrolik Pres<\/p>","protected":false},"author":2,"featured_media":2437,"parent":0,"menu_order":0,"comment_status":"closed","ping_status":"closed","template":"","meta":{"om_disable_all_campaigns":false,"_uag_custom_page_level_css":"","site-sidebar-layout":"no-sidebar","site-content-layout":"plain-container","ast-site-content-layout":"normal-width-container","site-content-style":"unboxed","site-sidebar-style":"unboxed","ast-global-header-display":"","ast-banner-title-visibility":"","ast-main-header-display":"","ast-hfb-above-header-display":"","ast-hfb-below-header-display":"","ast-hfb-mobile-header-display":"","site-post-title":"disabled","ast-breadcrumbs-content":"","ast-featured-img":"disabled","footer-sml-layout":"","ast-disable-related-posts":"","theme-transparent-header-meta":"enabled","adv-header-id-meta":"","stick-header-meta":"","header-above-stick-meta":"","header-main-stick-meta":"","header-below-stick-meta":"","astra-migrate-meta-layouts":"set","ast-page-background-enabled":"default","ast-page-background-meta":{"desktop":{"background-color":"","background-image":"","background-repeat":"repeat","background-position":"center center","background-size":"auto","background-attachment":"scroll","background-type":"","background-media":"","overlay-type":"","overlay-color":"","overlay-opacity":"","overlay-gradient":""},"tablet":{"background-color":"","background-image":"","background-repeat":"repeat","background-position":"center center","background-size":"auto","background-attachment":"scroll","background-type":"","background-media":"","overlay-type":"","overlay-color":"","overlay-opacity":"","overlay-gradient":""},"mobile":{"background-color":"","background-image":"","background-repeat":"repeat","background-position":"center center","background-size":"auto","background-attachment":"scroll","background-type":"","background-media":"","overlay-type":"","overlay-color":"","overlay-opacity":"","overlay-gradient":""}},"ast-content-background-meta":{"desktop":{"background-color":"var(--ast-global-color-5)","background-image":"","background-repeat":"repeat","background-position":"center center","background-size":"auto","background-attachment":"scroll","background-type":"","background-media":"","overlay-type":"","overlay-color":"","overlay-opacity":"","overlay-gradient":""},"tablet":{"background-color":"var(--ast-global-color-5)","background-image":"","background-repeat":"repeat","background-position":"center center","background-size":"auto","background-attachment":"scroll","background-type":"","background-media":"","overlay-type":"","overlay-color":"","overlay-opacity":"","overlay-gradient":""},"mobile":{"background-color":"var(--ast-global-color-5)","background-image":"","background-repeat":"repeat","background-position":"center center","background-size":"auto","background-attachment":"scroll","background-type":"","background-media":"","overlay-type":"","overlay-color":"","overlay-opacity":"","overlay-gradient":""}},"_themeisle_gutenberg_block_has_review":false,"_joinchat":[],"footnotes":""},"class_list":["post-2436","page","type-page","status-publish","has-post-thumbnail","hentry"],"yoast_head":"<!-- This site is optimized with the Yoast SEO plugin v27.4 - https:\/\/yoast.com\/product\/yoast-seo-wordpress\/ -->\n<title>YGM34K - yanglipres.com<\/title>\n<meta name=\"robots\" content=\"index, follow, max-snippet:-1, max-image-preview:large, max-video-preview:-1\" \/>\n<link rel=\"canonical\" href=\"https:\/\/yanglipres.com\/en\/ygm34k\/\" \/>\n<meta property=\"og:locale\" content=\"en_US\" \/>\n<meta property=\"og:type\" content=\"article\" \/>\n<meta property=\"og:title\" content=\"YGM34K - yanglipres.com\" \/>\n<meta property=\"og:description\" content=\"Presler -&gt; YGM34K Serisi YGM34K Serisi Hidrolik Pres\" \/>\n<meta property=\"og:url\" content=\"https:\/\/yanglipres.com\/en\/ygm34k\/\" \/>\n<meta property=\"og:site_name\" content=\"yanglipres.com\" \/>\n<meta property=\"article:modified_time\" content=\"2025-02-20T11:25:23+00:00\" \/>\n<meta property=\"og:image\" content=\"https:\/\/yanglipres.com\/wp-content\/uploads\/2025\/01\/YGM34K.png\" \/>\n\t<meta property=\"og:image:width\" content=\"581\" \/>\n\t<meta property=\"og:image:height\" content=\"648\" \/>\n\t<meta property=\"og:image:type\" content=\"image\/png\" \/>\n<meta name=\"twitter:card\" content=\"summary_large_image\" \/>\n<meta name=\"twitter:label1\" content=\"Est. reading time\" \/>\n\t<meta name=\"twitter:data1\" content=\"1 minute\" \/>\n<script type=\"application\/ld+json\" class=\"yoast-schema-graph\">{\"@context\":\"https:\\\/\\\/schema.org\",\"@graph\":[{\"@type\":\"WebPage\",\"@id\":\"https:\\\/\\\/yanglipres.com\\\/en\\\/ygm34k\\\/\",\"url\":\"https:\\\/\\\/yanglipres.com\\\/en\\\/ygm34k\\\/\",\"name\":\"YGM34K - yanglipres.com\",\"isPartOf\":{\"@id\":\"https:\\\/\\\/yanglipres.com\\\/en\\\/#website\"},\"primaryImageOfPage\":{\"@id\":\"https:\\\/\\\/yanglipres.com\\\/en\\\/ygm34k\\\/#primaryimage\"},\"image\":{\"@id\":\"https:\\\/\\\/yanglipres.com\\\/en\\\/ygm34k\\\/#primaryimage\"},\"thumbnailUrl\":\"https:\\\/\\\/yanglipres.com\\\/wp-content\\\/uploads\\\/2025\\\/01\\\/YGM34K.png\",\"datePublished\":\"2025-01-03T11:23:53+00:00\",\"dateModified\":\"2025-02-20T11:25:23+00:00\",\"breadcrumb\":{\"@id\":\"https:\\\/\\\/yanglipres.com\\\/en\\\/ygm34k\\\/#breadcrumb\"},\"inLanguage\":\"en-US\",\"potentialAction\":[{\"@type\":\"ReadAction\",\"target\":[\"https:\\\/\\\/yanglipres.com\\\/en\\\/ygm34k\\\/\"]}]},{\"@type\":\"ImageObject\",\"inLanguage\":\"en-US\",\"@id\":\"https:\\\/\\\/yanglipres.com\\\/en\\\/ygm34k\\\/#primaryimage\",\"url\":\"https:\\\/\\\/yanglipres.com\\\/wp-content\\\/uploads\\\/2025\\\/01\\\/YGM34K.png\",\"contentUrl\":\"https:\\\/\\\/yanglipres.com\\\/wp-content\\\/uploads\\\/2025\\\/01\\\/YGM34K.png\",\"width\":581,\"height\":648},{\"@type\":\"BreadcrumbList\",\"@id\":\"https:\\\/\\\/yanglipres.com\\\/en\\\/ygm34k\\\/#breadcrumb\",\"itemListElement\":[{\"@type\":\"ListItem\",\"position\":1,\"name\":\"Home\",\"item\":\"https:\\\/\\\/yanglipres.com\\\/\"},{\"@type\":\"ListItem\",\"position\":2,\"name\":\"YGM34K\"}]},{\"@type\":\"WebSite\",\"@id\":\"https:\\\/\\\/yanglipres.com\\\/en\\\/#website\",\"url\":\"https:\\\/\\\/yanglipres.com\\\/en\\\/\",\"name\":\"yanglipres.com\",\"description\":\"\",\"publisher\":{\"@id\":\"https:\\\/\\\/yanglipres.com\\\/en\\\/#organization\"},\"potentialAction\":[{\"@type\":\"SearchAction\",\"target\":{\"@type\":\"EntryPoint\",\"urlTemplate\":\"https:\\\/\\\/yanglipres.com\\\/en\\\/?s={search_term_string}\"},\"query-input\":{\"@type\":\"PropertyValueSpecification\",\"valueRequired\":true,\"valueName\":\"search_term_string\"}}],\"inLanguage\":\"en-US\"},{\"@type\":\"Organization\",\"@id\":\"https:\\\/\\\/yanglipres.com\\\/en\\\/#organization\",\"name\":\"yanglipres.com\",\"url\":\"https:\\\/\\\/yanglipres.com\\\/en\\\/\",\"logo\":{\"@type\":\"ImageObject\",\"inLanguage\":\"en-US\",\"@id\":\"https:\\\/\\\/yanglipres.com\\\/en\\\/#\\\/schema\\\/logo\\\/image\\\/\",\"url\":\"https:\\\/\\\/yanglipres.com\\\/wp-content\\\/uploads\\\/2024\\\/08\\\/logo.png\",\"contentUrl\":\"https:\\\/\\\/yanglipres.com\\\/wp-content\\\/uploads\\\/2024\\\/08\\\/logo.png\",\"width\":1000,\"height\":144,\"caption\":\"yanglipres.com\"},\"image\":{\"@id\":\"https:\\\/\\\/yanglipres.com\\\/en\\\/#\\\/schema\\\/logo\\\/image\\\/\"},\"sameAs\":[\"https:\\\/\\\/www.instagram.com\\\/yangli_denizgrupmakina\\\/\"]}]}<\/script>\n<!-- \/ Yoast SEO plugin. -->","yoast_head_json":{"title":"YGM34K - yanglipres.com","robots":{"index":"index","follow":"follow","max-snippet":"max-snippet:-1","max-image-preview":"max-image-preview:large","max-video-preview":"max-video-preview:-1"},"canonical":"https:\/\/yanglipres.com\/en\/ygm34k\/","og_locale":"en_US","og_type":"article","og_title":"YGM34K - yanglipres.com","og_description":"Presler -> YGM34K Serisi YGM34K Serisi Hidrolik Pres","og_url":"https:\/\/yanglipres.com\/en\/ygm34k\/","og_site_name":"yanglipres.com","article_modified_time":"2025-02-20T11:25:23+00:00","og_image":[{"width":581,"height":648,"url":"https:\/\/yanglipres.com\/wp-content\/uploads\/2025\/01\/YGM34K.png","type":"image\/png"}],"twitter_card":"summary_large_image","twitter_misc":{"Est. reading time":"1 minute"},"schema":{"@context":"https:\/\/schema.org","@graph":[{"@type":"WebPage","@id":"https:\/\/yanglipres.com\/en\/ygm34k\/","url":"https:\/\/yanglipres.com\/en\/ygm34k\/","name":"YGM34K - yanglipres.com","isPartOf":{"@id":"https:\/\/yanglipres.com\/en\/#website"},"primaryImageOfPage":{"@id":"https:\/\/yanglipres.com\/en\/ygm34k\/#primaryimage"},"image":{"@id":"https:\/\/yanglipres.com\/en\/ygm34k\/#primaryimage"},"thumbnailUrl":"https:\/\/yanglipres.com\/wp-content\/uploads\/2025\/01\/YGM34K.png","datePublished":"2025-01-03T11:23:53+00:00","dateModified":"2025-02-20T11:25:23+00:00","breadcrumb":{"@id":"https:\/\/yanglipres.com\/en\/ygm34k\/#breadcrumb"},"inLanguage":"en-US","potentialAction":[{"@type":"ReadAction","target":["https:\/\/yanglipres.com\/en\/ygm34k\/"]}]},{"@type":"ImageObject","inLanguage":"en-US","@id":"https:\/\/yanglipres.com\/en\/ygm34k\/#primaryimage","url":"https:\/\/yanglipres.com\/wp-content\/uploads\/2025\/01\/YGM34K.png","contentUrl":"https:\/\/yanglipres.com\/wp-content\/uploads\/2025\/01\/YGM34K.png","width":581,"height":648},{"@type":"BreadcrumbList","@id":"https:\/\/yanglipres.com\/en\/ygm34k\/#breadcrumb","itemListElement":[{"@type":"ListItem","position":1,"name":"Home","item":"https:\/\/yanglipres.com\/"},{"@type":"ListItem","position":2,"name":"YGM34K"}]},{"@type":"WebSite","@id":"https:\/\/yanglipres.com\/en\/#website","url":"https:\/\/yanglipres.com\/en\/","name":"yanglipres.com","description":"","publisher":{"@id":"https:\/\/yanglipres.com\/en\/#organization"},"potentialAction":[{"@type":"SearchAction","target":{"@type":"EntryPoint","urlTemplate":"https:\/\/yanglipres.com\/en\/?s={search_term_string}"},"query-input":{"@type":"PropertyValueSpecification","valueRequired":true,"valueName":"search_term_string"}}],"inLanguage":"en-US"},{"@type":"Organization","@id":"https:\/\/yanglipres.com\/en\/#organization","name":"yanglipres.com","url":"https:\/\/yanglipres.com\/en\/","logo":{"@type":"ImageObject","inLanguage":"en-US","@id":"https:\/\/yanglipres.com\/en\/#\/schema\/logo\/image\/","url":"https:\/\/yanglipres.com\/wp-content\/uploads\/2024\/08\/logo.png","contentUrl":"https:\/\/yanglipres.com\/wp-content\/uploads\/2024\/08\/logo.png","width":1000,"height":144,"caption":"yanglipres.com"},"image":{"@id":"https:\/\/yanglipres.com\/en\/#\/schema\/logo\/image\/"},"sameAs":["https:\/\/www.instagram.com\/yangli_denizgrupmakina\/"]}]}},"uagb_featured_image_src":{"full":["https:\/\/yanglipres.com\/wp-content\/uploads\/2025\/01\/YGM34K.png",581,648,false],"thumbnail":["https:\/\/yanglipres.com\/wp-content\/uploads\/2025\/01\/YGM34K-150x150.png",150,150,true],"medium":["https:\/\/yanglipres.com\/wp-content\/uploads\/2025\/01\/YGM34K-269x300.png",269,300,true],"medium_large":["https:\/\/yanglipres.com\/wp-content\/uploads\/2025\/01\/YGM34K.png",581,648,false],"large":["https:\/\/yanglipres.com\/wp-content\/uploads\/2025\/01\/YGM34K.png",581,648,false],"1536x1536":["https:\/\/yanglipres.com\/wp-content\/uploads\/2025\/01\/YGM34K.png",581,648,false],"2048x2048":["https:\/\/yanglipres.com\/wp-content\/uploads\/2025\/01\/YGM34K.png",581,648,false],"trp-custom-language-flag":["https:\/\/yanglipres.com\/wp-content\/uploads\/2025\/01\/YGM34K-11x12.png",11,12,true]},"uagb_author_info":{"display_name":"Yangli","author_link":"https:\/\/yanglipres.com\/en\/author\/yanglipres\/"},"uagb_comment_info":0,"uagb_excerpt":"Presler -> YGM34K Serisi YGM34K Serisi Hidrolik Pres","_links":{"self":[{"href":"https:\/\/yanglipres.com\/en\/wp-json\/wp\/v2\/pages\/2436","targetHints":{"allow":["GET"]}}],"collection":[{"href":"https:\/\/yanglipres.com\/en\/wp-json\/wp\/v2\/pages"}],"about":[{"href":"https:\/\/yanglipres.com\/en\/wp-json\/wp\/v2\/types\/page"}],"author":[{"embeddable":true,"href":"https:\/\/yanglipres.com\/en\/wp-json\/wp\/v2\/users\/2"}],"replies":[{"embeddable":true,"href":"https:\/\/yanglipres.com\/en\/wp-json\/wp\/v2\/comments?post=2436"}],"version-history":[{"count":5,"href":"https:\/\/yanglipres.com\/en\/wp-json\/wp\/v2\/pages\/2436\/revisions"}],"predecessor-version":[{"id":2496,"href":"https:\/\/yanglipres.com\/en\/wp-json\/wp\/v2\/pages\/2436\/revisions\/2496"}],"wp:featuredmedia":[{"embeddable":true,"href":"https:\/\/yanglipres.com\/en\/wp-json\/wp\/v2\/media\/2437"}],"wp:attachment":[{"href":"https:\/\/yanglipres.com\/en\/wp-json\/wp\/v2\/media?parent=2436"}],"curies":[{"name":"wp","href":"https:\/\/api.w.org\/{rel}","templated":true}]}}